{"id":2,"date":"2023-03-20T00:53:55","date_gmt":"2023-03-20T03:53:55","guid":{"rendered":"https:\/\/devandroid.com.br\/?page_id=2"},"modified":"2025-01-13T10:04:10","modified_gmt":"2025-01-13T13:04:10","slug":"curso-kotlin","status":"publish","type":"page","link":"https:\/\/devandroid.com.br\/index.php\/curso-kotlin\/","title":{"rendered":"Curso Programming in Kotlin"},"content":{"rendered":"\n<p>O <strong>curso &#8220;Programming in Kotlin&#8221;<\/strong> foi criado para oferecer uma experi\u00eancia completa e pr\u00e1tica no aprendizado da linguagem Kotlin, uma das mais modernas e poderosas do mercado. Ideal para iniciantes ou desenvolvedores que desejam expandir suas habilidades, o curso aborda desde os fundamentos da linguagem at\u00e9 aplica\u00e7\u00f5es avan\u00e7adas no desenvolvimento de aplicativos Android e sistemas multiplataforma.<\/p>\n\n\n\n<ol class=\"wp-block-list\">\n<li class=\"has-black-color has-text-color has-link-color wp-elements-d45464250c8fc9f114692700604e9ea8\"><a href=\"https:\/\/devandroid.com.br\/index.php\/manual-de-instalacao-do-intellij-idea\/\" data-type=\"link\" data-id=\"https:\/\/devandroid.com.br\/index.php\/manual-de-instalacao-do-intellij-idea\/\"><em><u>Instala\u00e7\u00e3o IntelliJ IDEA<\/u><\/em><\/a><\/li>\n\n\n\n<li class=\"has-black-color has-text-color has-link-color wp-elements-a4bb29e7ed4a85c9949a5b51d997e74c\"><a href=\"https:\/\/1drv.ms\/p\/c\/a8d95023e178554e\/ET_Cc_EJadJKgp5k09LaEW8BkKTXjT5w0z9Wce16MB6rqw?e=CLna1z\" data-type=\"link\" data-id=\"https:\/\/1drv.ms\/p\/c\/a8d95023e178554e\/ET_Cc_EJadJKgp5k09LaEW8BkKTXjT5w0z9Wce16MB6rqw?e=CLna1z\" target=\"_blank\" rel=\"noreferrer noopener\"><em><u>Introdu\u00e7\u00e3o ao Kotlin<\/u><\/em><\/a><\/li>\n\n\n\n<li><em><u>Programa\u00e7\u00e3o orientada a objetos (proxima aula)<\/u><\/em><\/li>\n<\/ol>\n\n\n\n<pre class=\"wp-block-preformatted\"><\/pre>\n\n\n\n<p><\/p>\n","protected":false},"excerpt":{"rendered":"<p>O curso &#8220;Programming in Kotlin&#8221; foi criado para oferecer uma experi\u00eancia completa e pr\u00e1tica no aprendizado da linguagem Kotlin, uma das mais modernas e poderosas do mercado. Ideal para iniciantes ou desenvolvedores que desejam expandir suas habilidades, o curso aborda desde os fundamentos da linguagem at\u00e9 aplica\u00e7\u00f5es avan\u00e7adas no desenvolvimento de aplicativos Android e sistemas [&hellip;]<\/p>\n","protected":false},"author":1,"featured_media":0,"parent":0,"menu_order":0,"comment_status":"closed","ping_status":"closed","template":"","meta":{"footnotes":""},"class_list":["post-2","page","type-page","status-publish","hentry"],"_links":{"self":[{"href":"https:\/\/devandroid.com.br\/index.php\/wp-json\/wp\/v2\/pages\/2","targetHints":{"allow":["GET"]}}],"collection":[{"href":"https:\/\/devandroid.com.br\/index.php\/wp-json\/wp\/v2\/pages"}],"about":[{"href":"https:\/\/devandroid.com.br\/index.php\/wp-json\/wp\/v2\/types\/page"}],"author":[{"embeddable":true,"href":"https:\/\/devandroid.com.br\/index.php\/wp-json\/wp\/v2\/users\/1"}],"replies":[{"embeddable":true,"href":"https:\/\/devandroid.com.br\/index.php\/wp-json\/wp\/v2\/comments?post=2"}],"version-history":[{"count":11,"href":"https:\/\/devandroid.com.br\/index.php\/wp-json\/wp\/v2\/pages\/2\/revisions"}],"predecessor-version":[{"id":201,"href":"https:\/\/devandroid.com.br\/index.php\/wp-json\/wp\/v2\/pages\/2\/revisions\/201"}],"wp:attachment":[{"href":"https:\/\/devandroid.com.br\/index.php\/wp-json\/wp\/v2\/media?parent=2"}],"curies":[{"name":"wp","href":"https:\/\/api.w.org\/{rel}","templated":true}]}}